{"id":24,"date":"2021-01-15T16:05:49","date_gmt":"2021-01-15T15:05:49","guid":{"rendered":"http:\/\/www.pyrams.com\/?page_id=24"},"modified":"2024-09-22T20:11:59","modified_gmt":"2024-09-22T18:11:59","slug":"le-nouveau-e-mucem-ouvre-ses-portes-2","status":"publish","type":"page","link":"https:\/\/www.pyrams.com\/","title":{"rendered":"Mod\u00e9liser et \u00e9valuer la s\u00fbret\u00e9 de fonctionnement de vos syst\u00e8mes industriels"},"content":{"rendered":"\n<div class=\"wp-block-columns alignwide is-layout-flex wp-container-core-columns-is-layout-9d6595d7 wp-block-columns-is-layout-flex\">\n<div class=\"wp-block-column is-layout-flow wp-block-column-is-layout-flow\">\n<div class=\"wp-block-group\"><div class=\"wp-block-group__inner-container is-layout-flow wp-block-group-is-layout-flow\">\n<h2 class=\"wp-block-heading\">Conseil et Formation<\/h2>\n\n\n\n<p>Analyse Fonctionnelle, Analyse Pr\u00e9liminaire des Risques, AMDEC, Arbres de d\u00e9faillances, R\u00e9seaux de Petri, MBSA, calculs de disponibilit\u00e9, d\u00e9monstrations SIL, Retour d&rsquo;exp\u00e9rience, etc.<\/p>\n<\/div><\/div>\n<\/div>\n\n\n\n<div class=\"wp-block-column is-layout-flow wp-block-column-is-layout-flow\">\n<div class=\"wp-block-group\"><div class=\"wp-block-group__inner-container is-layout-flow wp-block-group-is-layout-flow\">\n<h2 class=\"wp-block-heading\"><mark style=\"background-color:rgba(0, 0, 0, 0)\" class=\"has-inline-color has-primary-color\">Arbre-Analyst<\/mark> et <mark style=\"background-color:rgba(0, 0, 0, 0)\" class=\"has-inline-color has-primary-color\">System-Analyst<\/mark><\/h2>\n\n\n\n<p>Avec PyRAMS, partenaire officiel des outils, formez-vous aux fonctionnalit\u00e9s les plus avanc\u00e9es de ces outils libres de diffusion et d&rsquo;utilisation.<\/p>\n<\/div><\/div>\n<\/div>\n<\/div>\n\n\n\n<p><\/p>\n","protected":false},"excerpt":{"rendered":"<p>Conseil et Formation Analyse Fonctionnelle, Analyse Pr\u00e9liminaire des Risques, AMDEC, Arbres de d\u00e9faillances, R\u00e9seaux de Petri, MBSA, calculs de disponibilit\u00e9, d\u00e9monstrations SIL, Retour d&rsquo;exp\u00e9rience, etc. Arbre-Analyst et System-Analyst Avec PyRAMS, partenaire officiel des outils, formez-vous aux fonctionnalit\u00e9s les plus avanc\u00e9es de ces outils libres de diffusion et d&rsquo;utilisation.<\/p>\n","protected":false},"author":1,"featured_media":84,"parent":0,"menu_order":0,"comment_status":"closed","ping_status":"closed","template":"","meta":{"footnotes":""},"class_list":["post-24","page","type-page","status-publish","has-post-thumbnail","hentry","entry"],"yoast_head":"<!-- This site is optimized with the Yoast SEO plugin v27.3 - https:\/\/yoast.com\/product\/yoast-seo-wordpress\/ -->\n<title>Mod\u00e9liser et \u00e9valuer la s\u00fbret\u00e9 de fonctionnement de vos syst\u00e8mes industriels - PyRAMS<\/title>\n<meta name=\"robots\" content=\"index, follow, max-snippet:-1, max-image-preview:large, max-video-preview:-1\" \/>\n<link rel=\"canonical\" href=\"https:\/\/www.pyrams.com\/\" \/>\n<meta property=\"og:locale\" content=\"fr_FR\" \/>\n<meta property=\"og:type\" content=\"article\" \/>\n<meta property=\"og:title\" content=\"Mod\u00e9liser et \u00e9valuer la s\u00fbret\u00e9 de fonctionnement de vos syst\u00e8mes industriels - PyRAMS\" \/>\n<meta property=\"og:description\" content=\"Conseil et Formation Analyse Fonctionnelle, Analyse Pr\u00e9liminaire des Risques, AMDEC, Arbres de d\u00e9faillances, R\u00e9seaux de Petri, MBSA, calculs de disponibilit\u00e9, d\u00e9monstrations SIL, Retour d&rsquo;exp\u00e9rience, etc. Arbre-Analyst et System-Analyst Avec PyRAMS, partenaire officiel des outils, formez-vous aux fonctionnalit\u00e9s les plus avanc\u00e9es de ces outils libres de diffusion et d&rsquo;utilisation.\" \/>\n<meta property=\"og:url\" content=\"https:\/\/www.pyrams.com\/\" \/>\n<meta property=\"og:site_name\" content=\"PyRAMS\" \/>\n<meta property=\"article:modified_time\" content=\"2024-09-22T18:11:59+00:00\" \/>\n<meta property=\"og:image\" content=\"https:\/\/www.pyrams.com\/wp-content\/uploads\/2021\/01\/IMG_1708-scaled-e1612901399941.jpg\" \/>\n\t<meta property=\"og:image:width\" content=\"2560\" \/>\n\t<meta property=\"og:image:height\" content=\"1056\" \/>\n\t<meta property=\"og:image:type\" content=\"image\/jpeg\" \/>\n<meta name=\"twitter:card\" content=\"summary_large_image\" \/>\n<meta name=\"twitter:label1\" content=\"Dur\u00e9e de lecture estim\u00e9e\" \/>\n\t<meta name=\"twitter:data1\" content=\"1 minute\" \/>\n<script type=\"application\/ld+json\" class=\"yoast-schema-graph\">{\"@context\":\"https:\\\/\\\/schema.org\",\"@graph\":[{\"@type\":\"WebPage\",\"@id\":\"https:\\\/\\\/www.pyrams.com\\\/\",\"url\":\"https:\\\/\\\/www.pyrams.com\\\/\",\"name\":\"Mod\u00e9liser et \u00e9valuer la s\u00fbret\u00e9 de fonctionnement de vos syst\u00e8mes industriels - PyRAMS\",\"isPartOf\":{\"@id\":\"https:\\\/\\\/www.pyrams.com\\\/#website\"},\"primaryImageOfPage\":{\"@id\":\"https:\\\/\\\/www.pyrams.com\\\/#primaryimage\"},\"image\":{\"@id\":\"https:\\\/\\\/www.pyrams.com\\\/#primaryimage\"},\"thumbnailUrl\":\"https:\\\/\\\/www.pyrams.com\\\/wp-content\\\/uploads\\\/2021\\\/01\\\/IMG_1708-scaled-e1612901399941.jpg\",\"datePublished\":\"2021-01-15T15:05:49+00:00\",\"dateModified\":\"2024-09-22T18:11:59+00:00\",\"breadcrumb\":{\"@id\":\"https:\\\/\\\/www.pyrams.com\\\/#breadcrumb\"},\"inLanguage\":\"fr-FR\",\"potentialAction\":[{\"@type\":\"ReadAction\",\"target\":[\"https:\\\/\\\/www.pyrams.com\\\/\"]}]},{\"@type\":\"ImageObject\",\"inLanguage\":\"fr-FR\",\"@id\":\"https:\\\/\\\/www.pyrams.com\\\/#primaryimage\",\"url\":\"https:\\\/\\\/www.pyrams.com\\\/wp-content\\\/uploads\\\/2021\\\/01\\\/IMG_1708-scaled-e1612901399941.jpg\",\"contentUrl\":\"https:\\\/\\\/www.pyrams.com\\\/wp-content\\\/uploads\\\/2021\\\/01\\\/IMG_1708-scaled-e1612901399941.jpg\",\"width\":2560,\"height\":1056},{\"@type\":\"BreadcrumbList\",\"@id\":\"https:\\\/\\\/www.pyrams.com\\\/#breadcrumb\",\"itemListElement\":[{\"@type\":\"ListItem\",\"position\":1,\"name\":\"Accueil\",\"item\":\"https:\\\/\\\/www.pyrams.com\\\/\"},{\"@type\":\"ListItem\",\"position\":2,\"name\":\"Mod\u00e9liser et \u00e9valuer la s\u00fbret\u00e9 de fonctionnement de vos syst\u00e8mes industriels\"}]},{\"@type\":\"WebSite\",\"@id\":\"https:\\\/\\\/www.pyrams.com\\\/#website\",\"url\":\"https:\\\/\\\/www.pyrams.com\\\/\",\"name\":\"PyRAMS\",\"description\":\"Consultant ind\u00e9pendant - ing\u00e9nierie en S\u00fbret\u00e9 de Fonctionnement\",\"publisher\":{\"@id\":\"https:\\\/\\\/www.pyrams.com\\\/#organization\"},\"potentialAction\":[{\"@type\":\"SearchAction\",\"target\":{\"@type\":\"EntryPoint\",\"urlTemplate\":\"https:\\\/\\\/www.pyrams.com\\\/?s={search_term_string}\"},\"query-input\":{\"@type\":\"PropertyValueSpecification\",\"valueRequired\":true,\"valueName\":\"search_term_string\"}}],\"inLanguage\":\"fr-FR\"},{\"@type\":\"Organization\",\"@id\":\"https:\\\/\\\/www.pyrams.com\\\/#organization\",\"name\":\"PyRAMS\",\"url\":\"https:\\\/\\\/www.pyrams.com\\\/\",\"logo\":{\"@type\":\"ImageObject\",\"inLanguage\":\"fr-FR\",\"@id\":\"https:\\\/\\\/www.pyrams.com\\\/#\\\/schema\\\/logo\\\/image\\\/\",\"url\":\"https:\\\/\\\/www.pyrams.com\\\/wp-content\\\/uploads\\\/2021\\\/01\\\/cropped-logo_pyrams_20210110_carre.png\",\"contentUrl\":\"https:\\\/\\\/www.pyrams.com\\\/wp-content\\\/uploads\\\/2021\\\/01\\\/cropped-logo_pyrams_20210110_carre.png\",\"width\":190,\"height\":190,\"caption\":\"PyRAMS\"},\"image\":{\"@id\":\"https:\\\/\\\/www.pyrams.com\\\/#\\\/schema\\\/logo\\\/image\\\/\"}}]}<\/script>\n<!-- \/ Yoast SEO plugin. -->","yoast_head_json":{"title":"Mod\u00e9liser et \u00e9valuer la s\u00fbret\u00e9 de fonctionnement de vos syst\u00e8mes industriels - PyRAMS","robots":{"index":"index","follow":"follow","max-snippet":"max-snippet:-1","max-image-preview":"max-image-preview:large","max-video-preview":"max-video-preview:-1"},"canonical":"https:\/\/www.pyrams.com\/","og_locale":"fr_FR","og_type":"article","og_title":"Mod\u00e9liser et \u00e9valuer la s\u00fbret\u00e9 de fonctionnement de vos syst\u00e8mes industriels - PyRAMS","og_description":"Conseil et Formation Analyse Fonctionnelle, Analyse Pr\u00e9liminaire des Risques, AMDEC, Arbres de d\u00e9faillances, R\u00e9seaux de Petri, MBSA, calculs de disponibilit\u00e9, d\u00e9monstrations SIL, Retour d&rsquo;exp\u00e9rience, etc. Arbre-Analyst et System-Analyst Avec PyRAMS, partenaire officiel des outils, formez-vous aux fonctionnalit\u00e9s les plus avanc\u00e9es de ces outils libres de diffusion et d&rsquo;utilisation.","og_url":"https:\/\/www.pyrams.com\/","og_site_name":"PyRAMS","article_modified_time":"2024-09-22T18:11:59+00:00","og_image":[{"width":2560,"height":1056,"url":"https:\/\/www.pyrams.com\/wp-content\/uploads\/2021\/01\/IMG_1708-scaled-e1612901399941.jpg","type":"image\/jpeg"}],"twitter_card":"summary_large_image","twitter_misc":{"Dur\u00e9e de lecture estim\u00e9e":"1 minute"},"schema":{"@context":"https:\/\/schema.org","@graph":[{"@type":"WebPage","@id":"https:\/\/www.pyrams.com\/","url":"https:\/\/www.pyrams.com\/","name":"Mod\u00e9liser et \u00e9valuer la s\u00fbret\u00e9 de fonctionnement de vos syst\u00e8mes industriels - PyRAMS","isPartOf":{"@id":"https:\/\/www.pyrams.com\/#website"},"primaryImageOfPage":{"@id":"https:\/\/www.pyrams.com\/#primaryimage"},"image":{"@id":"https:\/\/www.pyrams.com\/#primaryimage"},"thumbnailUrl":"https:\/\/www.pyrams.com\/wp-content\/uploads\/2021\/01\/IMG_1708-scaled-e1612901399941.jpg","datePublished":"2021-01-15T15:05:49+00:00","dateModified":"2024-09-22T18:11:59+00:00","breadcrumb":{"@id":"https:\/\/www.pyrams.com\/#breadcrumb"},"inLanguage":"fr-FR","potentialAction":[{"@type":"ReadAction","target":["https:\/\/www.pyrams.com\/"]}]},{"@type":"ImageObject","inLanguage":"fr-FR","@id":"https:\/\/www.pyrams.com\/#primaryimage","url":"https:\/\/www.pyrams.com\/wp-content\/uploads\/2021\/01\/IMG_1708-scaled-e1612901399941.jpg","contentUrl":"https:\/\/www.pyrams.com\/wp-content\/uploads\/2021\/01\/IMG_1708-scaled-e1612901399941.jpg","width":2560,"height":1056},{"@type":"BreadcrumbList","@id":"https:\/\/www.pyrams.com\/#breadcrumb","itemListElement":[{"@type":"ListItem","position":1,"name":"Accueil","item":"https:\/\/www.pyrams.com\/"},{"@type":"ListItem","position":2,"name":"Mod\u00e9liser et \u00e9valuer la s\u00fbret\u00e9 de fonctionnement de vos syst\u00e8mes industriels"}]},{"@type":"WebSite","@id":"https:\/\/www.pyrams.com\/#website","url":"https:\/\/www.pyrams.com\/","name":"PyRAMS","description":"Consultant ind\u00e9pendant - ing\u00e9nierie en S\u00fbret\u00e9 de Fonctionnement","publisher":{"@id":"https:\/\/www.pyrams.com\/#organization"},"potentialAction":[{"@type":"SearchAction","target":{"@type":"EntryPoint","urlTemplate":"https:\/\/www.pyrams.com\/?s={search_term_string}"},"query-input":{"@type":"PropertyValueSpecification","valueRequired":true,"valueName":"search_term_string"}}],"inLanguage":"fr-FR"},{"@type":"Organization","@id":"https:\/\/www.pyrams.com\/#organization","name":"PyRAMS","url":"https:\/\/www.pyrams.com\/","logo":{"@type":"ImageObject","inLanguage":"fr-FR","@id":"https:\/\/www.pyrams.com\/#\/schema\/logo\/image\/","url":"https:\/\/www.pyrams.com\/wp-content\/uploads\/2021\/01\/cropped-logo_pyrams_20210110_carre.png","contentUrl":"https:\/\/www.pyrams.com\/wp-content\/uploads\/2021\/01\/cropped-logo_pyrams_20210110_carre.png","width":190,"height":190,"caption":"PyRAMS"},"image":{"@id":"https:\/\/www.pyrams.com\/#\/schema\/logo\/image\/"}}]}},"_links":{"self":[{"href":"https:\/\/www.pyrams.com\/index.php\/wp-json\/wp\/v2\/pages\/24","targetHints":{"allow":["GET"]}}],"collection":[{"href":"https:\/\/www.pyrams.com\/index.php\/wp-json\/wp\/v2\/pages"}],"about":[{"href":"https:\/\/www.pyrams.com\/index.php\/wp-json\/wp\/v2\/types\/page"}],"author":[{"embeddable":true,"href":"https:\/\/www.pyrams.com\/index.php\/wp-json\/wp\/v2\/users\/1"}],"replies":[{"embeddable":true,"href":"https:\/\/www.pyrams.com\/index.php\/wp-json\/wp\/v2\/comments?post=24"}],"version-history":[{"count":19,"href":"https:\/\/www.pyrams.com\/index.php\/wp-json\/wp\/v2\/pages\/24\/revisions"}],"predecessor-version":[{"id":107,"href":"https:\/\/www.pyrams.com\/index.php\/wp-json\/wp\/v2\/pages\/24\/revisions\/107"}],"wp:featuredmedia":[{"embeddable":true,"href":"https:\/\/www.pyrams.com\/index.php\/wp-json\/wp\/v2\/media\/84"}],"wp:attachment":[{"href":"https:\/\/www.pyrams.com\/index.php\/wp-json\/wp\/v2\/media?parent=24"}],"curies":[{"name":"wp","href":"https:\/\/api.w.org\/{rel}","templated":true}]}}